{"id":147,"date":"2025-04-28T08:37:11","date_gmt":"2025-04-28T08:37:11","guid":{"rendered":"https:\/\/hotel-augusta.ms2.decms.eu\/?page_id=147"},"modified":"2025-06-12T14:23:02","modified_gmt":"2025-06-12T14:23:02","slug":"localizacion","status":"publish","type":"page","link":"https:\/\/www.hotel-augusta.de\/es\/localizacion\/","title":{"rendered":"Localizaci\u00f3n"},"content":{"rendered":"<p>La direcci\u00f3n de nuestro hotel es Fasanenstra\u00dfe, 22 en el distrito de Charlottenburg de Berl\u00edn, justo al lado de Kurf\u00fcrstendamm. Esta c\u00e9ntrica ubicaci\u00f3n le sit\u00faa justo en el coraz\u00f3n de la vida cultural y comercial de Berl\u00edn, y nos convierte en una excelente opci\u00f3n para quienes buscan <strong>hoteles en Berl\u00edn cerca de la estaci\u00f3n central<\/strong>.<\/p>\n","protected":false},"excerpt":{"rendered":"<p>La direcci\u00f3n de nuestro hotel es Fasanenstra\u00dfe, 22 en el distrito de Charlottenburg de Berl\u00edn, justo al lado de Kurf\u00fcrstendamm. Esta c\u00e9ntrica ubicaci\u00f3n le sit\u00faa justo en el coraz\u00f3n de la vida cultural y comercial de Berl\u00edn, y nos convierte en una excelente opci\u00f3n para quienes buscan hoteles en Berl\u00edn cerca de la estaci\u00f3n central.<\/p>\n","protected":false},"author":26,"featured_media":0,"parent":0,"menu_order":60,"comment_status":"closed","ping_status":"closed","template":"template-location.php","meta":{"footnotes":""},"class_list":["post-147","page","type-page","status-publish","hentry"],"yoast_head":"<!-- This site is optimized with the Yoast SEO plugin v27.3 - https:\/\/yoast.com\/product\/yoast-seo-wordpress\/ -->\n<title>Hotel en Berlin cerca estacion central\u200b | Hotel Augusta<\/title>\n<meta name=\"description\" content=\"Descubre el Hotel Augusta, un hotel en Berlin cerca de la estaci\u00f3n Central, que combina ambiente sereno y una ubicaci\u00f3n perfecta para explorar la ciudad.\" \/>\n<meta name=\"robots\" content=\"index, follow, max-snippet:-1, max-image-preview:large, max-video-preview:-1\" \/>\n<link rel=\"canonical\" href=\"https:\/\/www.hotel-augusta.de\/es\/localizacion\/\" \/>\n<meta property=\"og:locale\" content=\"es_ES\" \/>\n<meta property=\"og:type\" content=\"article\" \/>\n<meta property=\"og:title\" content=\"Hotel en Berlin cerca estacion central\u200b | Hotel Augusta\" \/>\n<meta property=\"og:description\" content=\"Descubre el Hotel Augusta, un hotel en Berlin cerca de la estaci\u00f3n Central, que combina ambiente sereno y una ubicaci\u00f3n perfecta para explorar la ciudad.\" \/>\n<meta property=\"og:url\" content=\"https:\/\/www.hotel-augusta.de\/es\/localizacion\/\" \/>\n<meta property=\"og:site_name\" content=\"Hotel Augusta\" \/>\n<meta property=\"article:modified_time\" content=\"2025-06-12T14:23:02+00:00\" \/>\n<meta name=\"twitter:card\" content=\"summary_large_image\" \/>\n<meta name=\"twitter:label1\" content=\"Tiempo de lectura\" \/>\n\t<meta name=\"twitter:data1\" content=\"1 minuto\" \/>\n<script type=\"application\/ld+json\" class=\"yoast-schema-graph\">{\"@context\":\"https:\\\/\\\/schema.org\",\"@graph\":[{\"@type\":\"WebPage\",\"@id\":\"https:\\\/\\\/www.hotel-augusta.de\\\/es\\\/localizacion\\\/\",\"url\":\"https:\\\/\\\/www.hotel-augusta.de\\\/es\\\/localizacion\\\/\",\"name\":\"Hotel en Berlin cerca estacion central\u200b | Hotel Augusta\",\"isPartOf\":{\"@id\":\"https:\\\/\\\/www.hotel-augusta.de\\\/es\\\/#website\"},\"datePublished\":\"2025-04-28T08:37:11+00:00\",\"dateModified\":\"2025-06-12T14:23:02+00:00\",\"description\":\"Descubre el Hotel Augusta, un hotel en Berlin cerca de la estaci\u00f3n Central, que combina ambiente sereno y una ubicaci\u00f3n perfecta para explorar la ciudad.\",\"breadcrumb\":{\"@id\":\"https:\\\/\\\/www.hotel-augusta.de\\\/es\\\/localizacion\\\/#breadcrumb\"},\"inLanguage\":\"es\",\"potentialAction\":[{\"@type\":\"ReadAction\",\"target\":[\"https:\\\/\\\/www.hotel-augusta.de\\\/es\\\/localizacion\\\/\"]}]},{\"@type\":\"BreadcrumbList\",\"@id\":\"https:\\\/\\\/www.hotel-augusta.de\\\/es\\\/localizacion\\\/#breadcrumb\",\"itemListElement\":[{\"@type\":\"ListItem\",\"position\":1,\"name\":\"Home\",\"item\":\"https:\\\/\\\/www.hotel-augusta.de\\\/es\\\/\"},{\"@type\":\"ListItem\",\"position\":2,\"name\":\"Localizaci\u00f3n\"}]},{\"@type\":\"WebSite\",\"@id\":\"https:\\\/\\\/www.hotel-augusta.de\\\/es\\\/#website\",\"url\":\"https:\\\/\\\/www.hotel-augusta.de\\\/es\\\/\",\"name\":\"Hotel Augusta\",\"description\":\"\",\"publisher\":{\"@id\":\"https:\\\/\\\/www.hotel-augusta.de\\\/es\\\/#organization\"},\"potentialAction\":[{\"@type\":\"SearchAction\",\"target\":{\"@type\":\"EntryPoint\",\"urlTemplate\":\"https:\\\/\\\/www.hotel-augusta.de\\\/es\\\/?s={search_term_string}\"},\"query-input\":{\"@type\":\"PropertyValueSpecification\",\"valueRequired\":true,\"valueName\":\"search_term_string\"}}],\"inLanguage\":\"es\"},{\"@type\":\"Organization\",\"@id\":\"https:\\\/\\\/www.hotel-augusta.de\\\/es\\\/#organization\",\"name\":\"Hotel Augusta\",\"url\":\"https:\\\/\\\/www.hotel-augusta.de\\\/es\\\/\",\"logo\":{\"@type\":\"ImageObject\",\"inLanguage\":\"es\",\"@id\":\"https:\\\/\\\/www.hotel-augusta.de\\\/es\\\/#\\\/schema\\\/logo\\\/image\\\/\",\"url\":\"https:\\\/\\\/hotel-augusta.ms2.decms.eu\\\/wp-content\\\/uploads\\\/sites\\\/245\\\/2025\\\/04\\\/hotel-augusta-logo-g.svg\",\"contentUrl\":\"https:\\\/\\\/hotel-augusta.ms2.decms.eu\\\/wp-content\\\/uploads\\\/sites\\\/245\\\/2025\\\/04\\\/hotel-augusta-logo-g.svg\",\"width\":314,\"height\":125,\"caption\":\"Hotel Augusta\"},\"image\":{\"@id\":\"https:\\\/\\\/www.hotel-augusta.de\\\/es\\\/#\\\/schema\\\/logo\\\/image\\\/\"}}]}<\/script>\n<!-- \/ Yoast SEO plugin. -->","yoast_head_json":{"title":"Hotel en Berlin cerca estacion central\u200b | Hotel Augusta","description":"Descubre el Hotel Augusta, un hotel en Berlin cerca de la estaci\u00f3n Central, que combina ambiente sereno y una ubicaci\u00f3n perfecta para explorar la ciudad.","robots":{"index":"index","follow":"follow","max-snippet":"max-snippet:-1","max-image-preview":"max-image-preview:large","max-video-preview":"max-video-preview:-1"},"canonical":"https:\/\/www.hotel-augusta.de\/es\/localizacion\/","og_locale":"es_ES","og_type":"article","og_title":"Hotel en Berlin cerca estacion central\u200b | Hotel Augusta","og_description":"Descubre el Hotel Augusta, un hotel en Berlin cerca de la estaci\u00f3n Central, que combina ambiente sereno y una ubicaci\u00f3n perfecta para explorar la ciudad.","og_url":"https:\/\/www.hotel-augusta.de\/es\/localizacion\/","og_site_name":"Hotel Augusta","article_modified_time":"2025-06-12T14:23:02+00:00","twitter_card":"summary_large_image","twitter_misc":{"Tiempo de lectura":"1 minuto"},"schema":{"@context":"https:\/\/schema.org","@graph":[{"@type":"WebPage","@id":"https:\/\/www.hotel-augusta.de\/es\/localizacion\/","url":"https:\/\/www.hotel-augusta.de\/es\/localizacion\/","name":"Hotel en Berlin cerca estacion central\u200b | Hotel Augusta","isPartOf":{"@id":"https:\/\/www.hotel-augusta.de\/es\/#website"},"datePublished":"2025-04-28T08:37:11+00:00","dateModified":"2025-06-12T14:23:02+00:00","description":"Descubre el Hotel Augusta, un hotel en Berlin cerca de la estaci\u00f3n Central, que combina ambiente sereno y una ubicaci\u00f3n perfecta para explorar la ciudad.","breadcrumb":{"@id":"https:\/\/www.hotel-augusta.de\/es\/localizacion\/#breadcrumb"},"inLanguage":"es","potentialAction":[{"@type":"ReadAction","target":["https:\/\/www.hotel-augusta.de\/es\/localizacion\/"]}]},{"@type":"BreadcrumbList","@id":"https:\/\/www.hotel-augusta.de\/es\/localizacion\/#breadcrumb","itemListElement":[{"@type":"ListItem","position":1,"name":"Home","item":"https:\/\/www.hotel-augusta.de\/es\/"},{"@type":"ListItem","position":2,"name":"Localizaci\u00f3n"}]},{"@type":"WebSite","@id":"https:\/\/www.hotel-augusta.de\/es\/#website","url":"https:\/\/www.hotel-augusta.de\/es\/","name":"Hotel Augusta","description":"","publisher":{"@id":"https:\/\/www.hotel-augusta.de\/es\/#organization"},"potentialAction":[{"@type":"SearchAction","target":{"@type":"EntryPoint","urlTemplate":"https:\/\/www.hotel-augusta.de\/es\/?s={search_term_string}"},"query-input":{"@type":"PropertyValueSpecification","valueRequired":true,"valueName":"search_term_string"}}],"inLanguage":"es"},{"@type":"Organization","@id":"https:\/\/www.hotel-augusta.de\/es\/#organization","name":"Hotel Augusta","url":"https:\/\/www.hotel-augusta.de\/es\/","logo":{"@type":"ImageObject","inLanguage":"es","@id":"https:\/\/www.hotel-augusta.de\/es\/#\/schema\/logo\/image\/","url":"https:\/\/hotel-augusta.ms2.decms.eu\/wp-content\/uploads\/sites\/245\/2025\/04\/hotel-augusta-logo-g.svg","contentUrl":"https:\/\/hotel-augusta.ms2.decms.eu\/wp-content\/uploads\/sites\/245\/2025\/04\/hotel-augusta-logo-g.svg","width":314,"height":125,"caption":"Hotel Augusta"},"image":{"@id":"https:\/\/www.hotel-augusta.de\/es\/#\/schema\/logo\/image\/"}}]}},"acf":[],"_links":{"self":[{"href":"https:\/\/www.hotel-augusta.de\/es\/wp-json\/wp\/v2\/pages\/147","targetHints":{"allow":["GET"]}}],"collection":[{"href":"https:\/\/www.hotel-augusta.de\/es\/wp-json\/wp\/v2\/pages"}],"about":[{"href":"https:\/\/www.hotel-augusta.de\/es\/wp-json\/wp\/v2\/types\/page"}],"author":[{"embeddable":true,"href":"https:\/\/www.hotel-augusta.de\/es\/wp-json\/wp\/v2\/users\/26"}],"replies":[{"embeddable":true,"href":"https:\/\/www.hotel-augusta.de\/es\/wp-json\/wp\/v2\/comments?post=147"}],"version-history":[{"count":0,"href":"https:\/\/www.hotel-augusta.de\/es\/wp-json\/wp\/v2\/pages\/147\/revisions"}],"wp:attachment":[{"href":"https:\/\/www.hotel-augusta.de\/es\/wp-json\/wp\/v2\/media?parent=147"}],"curies":[{"name":"wp","href":"https:\/\/api.w.org\/{rel}","templated":true}]}}