{"id":146,"date":"2025-04-28T09:59:53","date_gmt":"2025-04-28T09:59:53","guid":{"rendered":"https:\/\/hotel-augusta.ms2.decms.eu\/?page_id=146"},"modified":"2025-06-12T14:33:34","modified_gmt":"2025-06-12T14:33:34","slug":"iglesia-memorial-del-kaiser-guillermo","status":"publish","type":"page","link":"https:\/\/www.hotel-augusta.de\/es\/alrededores\/iglesia-memorial-del-kaiser-guillermo\/","title":{"rendered":"Iglesia memorial del k\u00e1iser Guillermo"},"content":{"rendered":"<p>La iglesia memorial del k\u00e1iser Guillermo (Ged\u00e4chtniskirche) es \u00fanica, tanto por su importancia hist\u00f3rica como por su arquitectura. El edificio original sufri\u00f3 graves da\u00f1os durante un bombardeo en 1943 y permaneci\u00f3 en ruinas durante a\u00f1os. Llegado el momento de reconstruir la iglesia, casi quince a\u00f1os despu\u00e9s, la cuesti\u00f3n era si demoler los restos, y optar por un dise\u00f1o completamente nuevo, o conservarlos.<\/p>\n<p>Al final, Berl\u00edn se decant\u00f3 por la memoria. La aguja dentada de la antigua iglesia se conserv\u00f3 como recuerdo de la guerra, mientras que el arquitecto Egon Eiermann dise\u00f1\u00f3 nuevas estructuras junto a ella, incluyendo un campanario hexagonal y una capilla octogonal. Los lugare\u00f1os llaman a este complejo Lippenstift und Puderdose (el l\u00e1piz de labios y la polvera), dado que la antigua y deteriorada aguja recuerda a un pintalabios y el resto del complejo a una polvera.<\/p>\n","protected":false},"excerpt":{"rendered":"<p>La iglesia memorial del k\u00e1iser Guillermo (Ged\u00e4chtniskirche) es \u00fanica, tanto por su importancia hist\u00f3rica como por su arquitectura. El edificio original sufri\u00f3 graves da\u00f1os durante un bombardeo en 1943 y permaneci\u00f3 en ruinas durante a\u00f1os. Llegado el momento de reconstruir la iglesia, casi quince a\u00f1os despu\u00e9s, la cuesti\u00f3n era si demoler los restos, y optar [&hellip;]<\/p>\n","protected":false},"author":26,"featured_media":0,"parent":139,"menu_order":70,"comment_status":"closed","ping_status":"closed","template":"template-default-3.php","meta":{"footnotes":""},"class_list":["post-146","page","type-page","status-publish","hentry"],"yoast_head":"<!-- This site is optimized with the Yoast SEO plugin v27.3 - https:\/\/yoast.com\/product\/yoast-seo-wordpress\/ -->\n<title>Hotel cerca iglesia del kaiser guillermo\u200b | Hotel Augusta<\/title>\n<meta name=\"description\" content=\"Descubre el Hotel Augusta, con encanto hist\u00f3rico y ubicaci\u00f3n ideal junto a la Iglesia del Kaiser Wilhelm y otros iconos de Berl\u00edn en Alemanaia.\" \/>\n<meta name=\"robots\" content=\"index, follow, max-snippet:-1, max-image-preview:large, max-video-preview:-1\" \/>\n<link rel=\"canonical\" href=\"https:\/\/www.hotel-augusta.de\/es\/alrededores\/iglesia-memorial-del-kaiser-guillermo\/\" \/>\n<meta property=\"og:locale\" content=\"es_ES\" \/>\n<meta property=\"og:type\" content=\"article\" \/>\n<meta property=\"og:title\" content=\"Hotel cerca iglesia del kaiser guillermo\u200b | Hotel Augusta\" \/>\n<meta property=\"og:description\" content=\"Descubre el Hotel Augusta, con encanto hist\u00f3rico y ubicaci\u00f3n ideal junto a la Iglesia del Kaiser Wilhelm y otros iconos de Berl\u00edn en Alemanaia.\" \/>\n<meta property=\"og:url\" content=\"https:\/\/www.hotel-augusta.de\/es\/alrededores\/iglesia-memorial-del-kaiser-guillermo\/\" \/>\n<meta property=\"og:site_name\" content=\"Hotel Augusta\" \/>\n<meta property=\"article:modified_time\" content=\"2025-06-12T14:33:34+00:00\" \/>\n<meta name=\"twitter:card\" content=\"summary_large_image\" \/>\n<meta name=\"twitter:label1\" content=\"Tiempo de lectura\" \/>\n\t<meta name=\"twitter:data1\" content=\"1 minuto\" \/>\n<script type=\"application\/ld+json\" class=\"yoast-schema-graph\">{\"@context\":\"https:\\\/\\\/schema.org\",\"@graph\":[{\"@type\":\"WebPage\",\"@id\":\"https:\\\/\\\/www.hotel-augusta.de\\\/es\\\/alrededores\\\/iglesia-memorial-del-kaiser-guillermo\\\/\",\"url\":\"https:\\\/\\\/www.hotel-augusta.de\\\/es\\\/alrededores\\\/iglesia-memorial-del-kaiser-guillermo\\\/\",\"name\":\"Hotel cerca iglesia del kaiser guillermo\u200b | Hotel Augusta\",\"isPartOf\":{\"@id\":\"https:\\\/\\\/www.hotel-augusta.de\\\/es\\\/#website\"},\"datePublished\":\"2025-04-28T09:59:53+00:00\",\"dateModified\":\"2025-06-12T14:33:34+00:00\",\"description\":\"Descubre el Hotel Augusta, con encanto hist\u00f3rico y ubicaci\u00f3n ideal junto a la Iglesia del Kaiser Wilhelm y otros iconos de Berl\u00edn en Alemanaia.\",\"breadcrumb\":{\"@id\":\"https:\\\/\\\/www.hotel-augusta.de\\\/es\\\/alrededores\\\/iglesia-memorial-del-kaiser-guillermo\\\/#breadcrumb\"},\"inLanguage\":\"es\",\"potentialAction\":[{\"@type\":\"ReadAction\",\"target\":[\"https:\\\/\\\/www.hotel-augusta.de\\\/es\\\/alrededores\\\/iglesia-memorial-del-kaiser-guillermo\\\/\"]}]},{\"@type\":\"BreadcrumbList\",\"@id\":\"https:\\\/\\\/www.hotel-augusta.de\\\/es\\\/alrededores\\\/iglesia-memorial-del-kaiser-guillermo\\\/#breadcrumb\",\"itemListElement\":[{\"@type\":\"ListItem\",\"position\":1,\"name\":\"Home\",\"item\":\"https:\\\/\\\/www.hotel-augusta.de\\\/es\\\/\"},{\"@type\":\"ListItem\",\"position\":2,\"name\":\"Alrededores\",\"item\":\"https:\\\/\\\/www.hotel-augusta.de\\\/es\\\/umgebung\\\/\"},{\"@type\":\"ListItem\",\"position\":3,\"name\":\"Iglesia memorial del k\u00e1iser Guillermo\"}]},{\"@type\":\"WebSite\",\"@id\":\"https:\\\/\\\/www.hotel-augusta.de\\\/es\\\/#website\",\"url\":\"https:\\\/\\\/www.hotel-augusta.de\\\/es\\\/\",\"name\":\"Hotel Augusta\",\"description\":\"\",\"publisher\":{\"@id\":\"https:\\\/\\\/www.hotel-augusta.de\\\/es\\\/#organization\"},\"potentialAction\":[{\"@type\":\"SearchAction\",\"target\":{\"@type\":\"EntryPoint\",\"urlTemplate\":\"https:\\\/\\\/www.hotel-augusta.de\\\/es\\\/?s={search_term_string}\"},\"query-input\":{\"@type\":\"PropertyValueSpecification\",\"valueRequired\":true,\"valueName\":\"search_term_string\"}}],\"inLanguage\":\"es\"},{\"@type\":\"Organization\",\"@id\":\"https:\\\/\\\/www.hotel-augusta.de\\\/es\\\/#organization\",\"name\":\"Hotel Augusta\",\"url\":\"https:\\\/\\\/www.hotel-augusta.de\\\/es\\\/\",\"logo\":{\"@type\":\"ImageObject\",\"inLanguage\":\"es\",\"@id\":\"https:\\\/\\\/www.hotel-augusta.de\\\/es\\\/#\\\/schema\\\/logo\\\/image\\\/\",\"url\":\"https:\\\/\\\/hotel-augusta.ms2.decms.eu\\\/wp-content\\\/uploads\\\/sites\\\/245\\\/2025\\\/04\\\/hotel-augusta-logo-g.svg\",\"contentUrl\":\"https:\\\/\\\/hotel-augusta.ms2.decms.eu\\\/wp-content\\\/uploads\\\/sites\\\/245\\\/2025\\\/04\\\/hotel-augusta-logo-g.svg\",\"width\":314,\"height\":125,\"caption\":\"Hotel Augusta\"},\"image\":{\"@id\":\"https:\\\/\\\/www.hotel-augusta.de\\\/es\\\/#\\\/schema\\\/logo\\\/image\\\/\"}}]}<\/script>\n<!-- \/ Yoast SEO plugin. -->","yoast_head_json":{"title":"Hotel cerca iglesia del kaiser guillermo\u200b | Hotel Augusta","description":"Descubre el Hotel Augusta, con encanto hist\u00f3rico y ubicaci\u00f3n ideal junto a la Iglesia del Kaiser Wilhelm y otros iconos de Berl\u00edn en Alemanaia.","robots":{"index":"index","follow":"follow","max-snippet":"max-snippet:-1","max-image-preview":"max-image-preview:large","max-video-preview":"max-video-preview:-1"},"canonical":"https:\/\/www.hotel-augusta.de\/es\/alrededores\/iglesia-memorial-del-kaiser-guillermo\/","og_locale":"es_ES","og_type":"article","og_title":"Hotel cerca iglesia del kaiser guillermo\u200b | Hotel Augusta","og_description":"Descubre el Hotel Augusta, con encanto hist\u00f3rico y ubicaci\u00f3n ideal junto a la Iglesia del Kaiser Wilhelm y otros iconos de Berl\u00edn en Alemanaia.","og_url":"https:\/\/www.hotel-augusta.de\/es\/alrededores\/iglesia-memorial-del-kaiser-guillermo\/","og_site_name":"Hotel Augusta","article_modified_time":"2025-06-12T14:33:34+00:00","twitter_card":"summary_large_image","twitter_misc":{"Tiempo de lectura":"1 minuto"},"schema":{"@context":"https:\/\/schema.org","@graph":[{"@type":"WebPage","@id":"https:\/\/www.hotel-augusta.de\/es\/alrededores\/iglesia-memorial-del-kaiser-guillermo\/","url":"https:\/\/www.hotel-augusta.de\/es\/alrededores\/iglesia-memorial-del-kaiser-guillermo\/","name":"Hotel cerca iglesia del kaiser guillermo\u200b | Hotel Augusta","isPartOf":{"@id":"https:\/\/www.hotel-augusta.de\/es\/#website"},"datePublished":"2025-04-28T09:59:53+00:00","dateModified":"2025-06-12T14:33:34+00:00","description":"Descubre el Hotel Augusta, con encanto hist\u00f3rico y ubicaci\u00f3n ideal junto a la Iglesia del Kaiser Wilhelm y otros iconos de Berl\u00edn en Alemanaia.","breadcrumb":{"@id":"https:\/\/www.hotel-augusta.de\/es\/alrededores\/iglesia-memorial-del-kaiser-guillermo\/#breadcrumb"},"inLanguage":"es","potentialAction":[{"@type":"ReadAction","target":["https:\/\/www.hotel-augusta.de\/es\/alrededores\/iglesia-memorial-del-kaiser-guillermo\/"]}]},{"@type":"BreadcrumbList","@id":"https:\/\/www.hotel-augusta.de\/es\/alrededores\/iglesia-memorial-del-kaiser-guillermo\/#breadcrumb","itemListElement":[{"@type":"ListItem","position":1,"name":"Home","item":"https:\/\/www.hotel-augusta.de\/es\/"},{"@type":"ListItem","position":2,"name":"Alrededores","item":"https:\/\/www.hotel-augusta.de\/es\/umgebung\/"},{"@type":"ListItem","position":3,"name":"Iglesia memorial del k\u00e1iser Guillermo"}]},{"@type":"WebSite","@id":"https:\/\/www.hotel-augusta.de\/es\/#website","url":"https:\/\/www.hotel-augusta.de\/es\/","name":"Hotel Augusta","description":"","publisher":{"@id":"https:\/\/www.hotel-augusta.de\/es\/#organization"},"potentialAction":[{"@type":"SearchAction","target":{"@type":"EntryPoint","urlTemplate":"https:\/\/www.hotel-augusta.de\/es\/?s={search_term_string}"},"query-input":{"@type":"PropertyValueSpecification","valueRequired":true,"valueName":"search_term_string"}}],"inLanguage":"es"},{"@type":"Organization","@id":"https:\/\/www.hotel-augusta.de\/es\/#organization","name":"Hotel Augusta","url":"https:\/\/www.hotel-augusta.de\/es\/","logo":{"@type":"ImageObject","inLanguage":"es","@id":"https:\/\/www.hotel-augusta.de\/es\/#\/schema\/logo\/image\/","url":"https:\/\/hotel-augusta.ms2.decms.eu\/wp-content\/uploads\/sites\/245\/2025\/04\/hotel-augusta-logo-g.svg","contentUrl":"https:\/\/hotel-augusta.ms2.decms.eu\/wp-content\/uploads\/sites\/245\/2025\/04\/hotel-augusta-logo-g.svg","width":314,"height":125,"caption":"Hotel Augusta"},"image":{"@id":"https:\/\/www.hotel-augusta.de\/es\/#\/schema\/logo\/image\/"}}]}},"acf":[],"_links":{"self":[{"href":"https:\/\/www.hotel-augusta.de\/es\/wp-json\/wp\/v2\/pages\/146","targetHints":{"allow":["GET"]}}],"collection":[{"href":"https:\/\/www.hotel-augusta.de\/es\/wp-json\/wp\/v2\/pages"}],"about":[{"href":"https:\/\/www.hotel-augusta.de\/es\/wp-json\/wp\/v2\/types\/page"}],"author":[{"embeddable":true,"href":"https:\/\/www.hotel-augusta.de\/es\/wp-json\/wp\/v2\/users\/26"}],"replies":[{"embeddable":true,"href":"https:\/\/www.hotel-augusta.de\/es\/wp-json\/wp\/v2\/comments?post=146"}],"version-history":[{"count":0,"href":"https:\/\/www.hotel-augusta.de\/es\/wp-json\/wp\/v2\/pages\/146\/revisions"}],"up":[{"embeddable":true,"href":"https:\/\/www.hotel-augusta.de\/es\/wp-json\/wp\/v2\/pages\/139"}],"wp:attachment":[{"href":"https:\/\/www.hotel-augusta.de\/es\/wp-json\/wp\/v2\/media?parent=146"}],"curies":[{"name":"wp","href":"https:\/\/api.w.org\/{rel}","templated":true}]}}