{"id":145,"date":"2025-04-28T09:59:45","date_gmt":"2025-04-28T09:59:45","guid":{"rendered":"https:\/\/hotel-augusta.ms2.decms.eu\/?page_id=145"},"modified":"2025-06-12T14:32:37","modified_gmt":"2025-06-12T14:32:37","slug":"kadewe","status":"publish","type":"page","link":"https:\/\/www.hotel-augusta.de\/es\/alrededores\/kadewe\/","title":{"rendered":"KaDeWe"},"content":{"rendered":"<p>KaDeWe, abreviatura de Kaufhaus des Westens, es uno de los grandes almacenes de mayor tama\u00f1o de Europa, con una superficie de 60 000 metros cuadrados.<\/p>\n<p>La tienda sufri\u00f3 graves da\u00f1os durante la Segunda Guerra Mundial, pero volvi\u00f3 a abrir sus puertas en 1950, tras una profunda restauraci\u00f3n. Adaptarse a los cambios y evolucionar es la se\u00f1a de identidad de este lugar y, hoy en d\u00eda, a\u00fan se enorgullece de mantenerse en vanguardia en cuanto a tendencias se refiere.<\/p>\n","protected":false},"excerpt":{"rendered":"<p>KaDeWe, abreviatura de Kaufhaus des Westens, es uno de los grandes almacenes de mayor tama\u00f1o de Europa, con una superficie de 60 000 metros cuadrados. La tienda sufri\u00f3 graves da\u00f1os durante la Segunda Guerra Mundial, pero volvi\u00f3 a abrir sus puertas en 1950, tras una profunda restauraci\u00f3n. Adaptarse a los cambios y evolucionar es la [&hellip;]<\/p>\n","protected":false},"author":26,"featured_media":0,"parent":139,"menu_order":60,"comment_status":"closed","ping_status":"closed","template":"template-default-3.php","meta":{"footnotes":""},"class_list":["post-145","page","type-page","status-publish","hentry"],"yoast_head":"<!-- This site is optimized with the Yoast SEO plugin v27.3 - https:\/\/yoast.com\/product\/yoast-seo-wordpress\/ -->\n<title>Hotel Kadewe en Berl\u00edn | Hotel Augusta<\/title>\n<meta name=\"description\" content=\"Augusta: un hotel con encanto cerca del KaDeWe de Berl\u00edn, con elegantes habitaciones, ambiente tranquilo y r\u00e1pido acceso a tiendas y sitios de inter\u00e9s cultural.\" \/>\n<meta name=\"robots\" content=\"index, follow, max-snippet:-1, max-image-preview:large, max-video-preview:-1\" \/>\n<link rel=\"canonical\" href=\"https:\/\/www.hotel-augusta.de\/es\/alrededores\/kadewe\/\" \/>\n<meta property=\"og:locale\" content=\"es_ES\" \/>\n<meta property=\"og:type\" content=\"article\" \/>\n<meta property=\"og:title\" content=\"Hotel Kadewe en Berl\u00edn | Hotel Augusta\" \/>\n<meta property=\"og:description\" content=\"Augusta: un hotel con encanto cerca del KaDeWe de Berl\u00edn, con elegantes habitaciones, ambiente tranquilo y r\u00e1pido acceso a tiendas y sitios de inter\u00e9s cultural.\" \/>\n<meta property=\"og:url\" content=\"https:\/\/www.hotel-augusta.de\/es\/alrededores\/kadewe\/\" \/>\n<meta property=\"og:site_name\" content=\"Hotel Augusta\" \/>\n<meta property=\"article:modified_time\" content=\"2025-06-12T14:32:37+00:00\" \/>\n<meta name=\"twitter:card\" content=\"summary_large_image\" \/>\n<meta name=\"twitter:label1\" content=\"Tiempo de lectura\" \/>\n\t<meta name=\"twitter:data1\" content=\"1 minuto\" \/>\n<script type=\"application\/ld+json\" class=\"yoast-schema-graph\">{\"@context\":\"https:\\\/\\\/schema.org\",\"@graph\":[{\"@type\":\"WebPage\",\"@id\":\"https:\\\/\\\/www.hotel-augusta.de\\\/es\\\/alrededores\\\/kadewe\\\/\",\"url\":\"https:\\\/\\\/www.hotel-augusta.de\\\/es\\\/alrededores\\\/kadewe\\\/\",\"name\":\"Hotel Kadewe en Berl\u00edn | Hotel Augusta\",\"isPartOf\":{\"@id\":\"https:\\\/\\\/www.hotel-augusta.de\\\/es\\\/#website\"},\"datePublished\":\"2025-04-28T09:59:45+00:00\",\"dateModified\":\"2025-06-12T14:32:37+00:00\",\"description\":\"Augusta: un hotel con encanto cerca del KaDeWe de Berl\u00edn, con elegantes habitaciones, ambiente tranquilo y r\u00e1pido acceso a tiendas y sitios de inter\u00e9s cultural.\",\"breadcrumb\":{\"@id\":\"https:\\\/\\\/www.hotel-augusta.de\\\/es\\\/alrededores\\\/kadewe\\\/#breadcrumb\"},\"inLanguage\":\"es\",\"potentialAction\":[{\"@type\":\"ReadAction\",\"target\":[\"https:\\\/\\\/www.hotel-augusta.de\\\/es\\\/alrededores\\\/kadewe\\\/\"]}]},{\"@type\":\"BreadcrumbList\",\"@id\":\"https:\\\/\\\/www.hotel-augusta.de\\\/es\\\/alrededores\\\/kadewe\\\/#breadcrumb\",\"itemListElement\":[{\"@type\":\"ListItem\",\"position\":1,\"name\":\"Home\",\"item\":\"https:\\\/\\\/www.hotel-augusta.de\\\/es\\\/\"},{\"@type\":\"ListItem\",\"position\":2,\"name\":\"Alrededores\",\"item\":\"https:\\\/\\\/www.hotel-augusta.de\\\/es\\\/umgebung\\\/\"},{\"@type\":\"ListItem\",\"position\":3,\"name\":\"KaDeWe\"}]},{\"@type\":\"WebSite\",\"@id\":\"https:\\\/\\\/www.hotel-augusta.de\\\/es\\\/#website\",\"url\":\"https:\\\/\\\/www.hotel-augusta.de\\\/es\\\/\",\"name\":\"Hotel Augusta\",\"description\":\"\",\"publisher\":{\"@id\":\"https:\\\/\\\/www.hotel-augusta.de\\\/es\\\/#organization\"},\"potentialAction\":[{\"@type\":\"SearchAction\",\"target\":{\"@type\":\"EntryPoint\",\"urlTemplate\":\"https:\\\/\\\/www.hotel-augusta.de\\\/es\\\/?s={search_term_string}\"},\"query-input\":{\"@type\":\"PropertyValueSpecification\",\"valueRequired\":true,\"valueName\":\"search_term_string\"}}],\"inLanguage\":\"es\"},{\"@type\":\"Organization\",\"@id\":\"https:\\\/\\\/www.hotel-augusta.de\\\/es\\\/#organization\",\"name\":\"Hotel Augusta\",\"url\":\"https:\\\/\\\/www.hotel-augusta.de\\\/es\\\/\",\"logo\":{\"@type\":\"ImageObject\",\"inLanguage\":\"es\",\"@id\":\"https:\\\/\\\/www.hotel-augusta.de\\\/es\\\/#\\\/schema\\\/logo\\\/image\\\/\",\"url\":\"https:\\\/\\\/hotel-augusta.ms2.decms.eu\\\/wp-content\\\/uploads\\\/sites\\\/245\\\/2025\\\/04\\\/hotel-augusta-logo-g.svg\",\"contentUrl\":\"https:\\\/\\\/hotel-augusta.ms2.decms.eu\\\/wp-content\\\/uploads\\\/sites\\\/245\\\/2025\\\/04\\\/hotel-augusta-logo-g.svg\",\"width\":314,\"height\":125,\"caption\":\"Hotel Augusta\"},\"image\":{\"@id\":\"https:\\\/\\\/www.hotel-augusta.de\\\/es\\\/#\\\/schema\\\/logo\\\/image\\\/\"}}]}<\/script>\n<!-- \/ Yoast SEO plugin. -->","yoast_head_json":{"title":"Hotel Kadewe en Berl\u00edn | Hotel Augusta","description":"Augusta: un hotel con encanto cerca del KaDeWe de Berl\u00edn, con elegantes habitaciones, ambiente tranquilo y r\u00e1pido acceso a tiendas y sitios de inter\u00e9s cultural.","robots":{"index":"index","follow":"follow","max-snippet":"max-snippet:-1","max-image-preview":"max-image-preview:large","max-video-preview":"max-video-preview:-1"},"canonical":"https:\/\/www.hotel-augusta.de\/es\/alrededores\/kadewe\/","og_locale":"es_ES","og_type":"article","og_title":"Hotel Kadewe en Berl\u00edn | Hotel Augusta","og_description":"Augusta: un hotel con encanto cerca del KaDeWe de Berl\u00edn, con elegantes habitaciones, ambiente tranquilo y r\u00e1pido acceso a tiendas y sitios de inter\u00e9s cultural.","og_url":"https:\/\/www.hotel-augusta.de\/es\/alrededores\/kadewe\/","og_site_name":"Hotel Augusta","article_modified_time":"2025-06-12T14:32:37+00:00","twitter_card":"summary_large_image","twitter_misc":{"Tiempo de lectura":"1 minuto"},"schema":{"@context":"https:\/\/schema.org","@graph":[{"@type":"WebPage","@id":"https:\/\/www.hotel-augusta.de\/es\/alrededores\/kadewe\/","url":"https:\/\/www.hotel-augusta.de\/es\/alrededores\/kadewe\/","name":"Hotel Kadewe en Berl\u00edn | Hotel Augusta","isPartOf":{"@id":"https:\/\/www.hotel-augusta.de\/es\/#website"},"datePublished":"2025-04-28T09:59:45+00:00","dateModified":"2025-06-12T14:32:37+00:00","description":"Augusta: un hotel con encanto cerca del KaDeWe de Berl\u00edn, con elegantes habitaciones, ambiente tranquilo y r\u00e1pido acceso a tiendas y sitios de inter\u00e9s cultural.","breadcrumb":{"@id":"https:\/\/www.hotel-augusta.de\/es\/alrededores\/kadewe\/#breadcrumb"},"inLanguage":"es","potentialAction":[{"@type":"ReadAction","target":["https:\/\/www.hotel-augusta.de\/es\/alrededores\/kadewe\/"]}]},{"@type":"BreadcrumbList","@id":"https:\/\/www.hotel-augusta.de\/es\/alrededores\/kadewe\/#breadcrumb","itemListElement":[{"@type":"ListItem","position":1,"name":"Home","item":"https:\/\/www.hotel-augusta.de\/es\/"},{"@type":"ListItem","position":2,"name":"Alrededores","item":"https:\/\/www.hotel-augusta.de\/es\/umgebung\/"},{"@type":"ListItem","position":3,"name":"KaDeWe"}]},{"@type":"WebSite","@id":"https:\/\/www.hotel-augusta.de\/es\/#website","url":"https:\/\/www.hotel-augusta.de\/es\/","name":"Hotel Augusta","description":"","publisher":{"@id":"https:\/\/www.hotel-augusta.de\/es\/#organization"},"potentialAction":[{"@type":"SearchAction","target":{"@type":"EntryPoint","urlTemplate":"https:\/\/www.hotel-augusta.de\/es\/?s={search_term_string}"},"query-input":{"@type":"PropertyValueSpecification","valueRequired":true,"valueName":"search_term_string"}}],"inLanguage":"es"},{"@type":"Organization","@id":"https:\/\/www.hotel-augusta.de\/es\/#organization","name":"Hotel Augusta","url":"https:\/\/www.hotel-augusta.de\/es\/","logo":{"@type":"ImageObject","inLanguage":"es","@id":"https:\/\/www.hotel-augusta.de\/es\/#\/schema\/logo\/image\/","url":"https:\/\/hotel-augusta.ms2.decms.eu\/wp-content\/uploads\/sites\/245\/2025\/04\/hotel-augusta-logo-g.svg","contentUrl":"https:\/\/hotel-augusta.ms2.decms.eu\/wp-content\/uploads\/sites\/245\/2025\/04\/hotel-augusta-logo-g.svg","width":314,"height":125,"caption":"Hotel Augusta"},"image":{"@id":"https:\/\/www.hotel-augusta.de\/es\/#\/schema\/logo\/image\/"}}]}},"acf":[],"_links":{"self":[{"href":"https:\/\/www.hotel-augusta.de\/es\/wp-json\/wp\/v2\/pages\/145","targetHints":{"allow":["GET"]}}],"collection":[{"href":"https:\/\/www.hotel-augusta.de\/es\/wp-json\/wp\/v2\/pages"}],"about":[{"href":"https:\/\/www.hotel-augusta.de\/es\/wp-json\/wp\/v2\/types\/page"}],"author":[{"embeddable":true,"href":"https:\/\/www.hotel-augusta.de\/es\/wp-json\/wp\/v2\/users\/26"}],"replies":[{"embeddable":true,"href":"https:\/\/www.hotel-augusta.de\/es\/wp-json\/wp\/v2\/comments?post=145"}],"version-history":[{"count":0,"href":"https:\/\/www.hotel-augusta.de\/es\/wp-json\/wp\/v2\/pages\/145\/revisions"}],"up":[{"embeddable":true,"href":"https:\/\/www.hotel-augusta.de\/es\/wp-json\/wp\/v2\/pages\/139"}],"wp:attachment":[{"href":"https:\/\/www.hotel-augusta.de\/es\/wp-json\/wp\/v2\/media?parent=145"}],"curies":[{"name":"wp","href":"https:\/\/api.w.org\/{rel}","templated":true}]}}