{"id":141,"date":"2025-04-28T09:59:07","date_gmt":"2025-04-28T09:59:07","guid":{"rendered":"https:\/\/hotel-augusta.ms2.decms.eu\/?page_id=141"},"modified":"2025-06-12T14:29:23","modified_gmt":"2025-06-12T14:29:23","slug":"tiergarten","status":"publish","type":"page","link":"https:\/\/www.hotel-augusta.de\/es\/alrededores\/tiergarten\/","title":{"rendered":"Tiergarten"},"content":{"rendered":"<p>Con una superficie de 210 hect\u00e1reas, el Tiergarten es el parque m\u00e1s grande de Berl\u00edn. Como la mayor\u00eda de los parques importantes, tiene senderos para caminar, lugares donde hacer picnic y lagos dignos de una postal. No obstante, fiel al aut\u00e9ntico estilo alem\u00e1n, en el Tiergarten tambi\u00e9n hay cervecer\u00edas al aire libre, como el Caf\u00e9 am Neuen See, donde podr\u00e1 beber una deliciosa pinta de cerveza alemana disfrutando de las vistas.<\/p>\n<p>A las familias les encantar\u00e1 el cercano jard\u00edn zool\u00f3gico de Berl\u00edn y el acuario de Berl\u00edn, ambos ubicados dentro del Tiergarten y llenos de maravillas para todas las edades.<\/p>\n","protected":false},"excerpt":{"rendered":"<p>Con una superficie de 210 hect\u00e1reas, el Tiergarten es el parque m\u00e1s grande de Berl\u00edn. Como la mayor\u00eda de los parques importantes, tiene senderos para caminar, lugares donde hacer picnic y lagos dignos de una postal. No obstante, fiel al aut\u00e9ntico estilo alem\u00e1n, en el Tiergarten tambi\u00e9n hay cervecer\u00edas al aire libre, como el Caf\u00e9 [&hellip;]<\/p>\n","protected":false},"author":26,"featured_media":0,"parent":139,"menu_order":20,"comment_status":"closed","ping_status":"closed","template":"template-default-3.php","meta":{"footnotes":""},"class_list":["post-141","page","type-page","status-publish","hentry"],"yoast_head":"<!-- This site is optimized with the Yoast SEO plugin v27.3 - https:\/\/yoast.com\/product\/yoast-seo-wordpress\/ -->\n<title>Hotel Tiergarten en Berl\u00edn | Hotel Augusta<\/title>\n<meta name=\"description\" content=\"\u00bfBusca hotel cerca del Tiergarten de Berl\u00edn? En el Hotel Augusta disfrutar\u00e1 de una elegancia atemporal cerca de las joyas culturales e hist\u00f3ricas de la ciudad.\" \/>\n<meta name=\"robots\" content=\"index, follow, max-snippet:-1, max-image-preview:large, max-video-preview:-1\" \/>\n<link rel=\"canonical\" href=\"https:\/\/www.hotel-augusta.de\/es\/alrededores\/tiergarten\/\" \/>\n<meta property=\"og:locale\" content=\"es_ES\" \/>\n<meta property=\"og:type\" content=\"article\" \/>\n<meta property=\"og:title\" content=\"Hotel Tiergarten en Berl\u00edn | Hotel Augusta\" \/>\n<meta property=\"og:description\" content=\"\u00bfBusca hotel cerca del Tiergarten de Berl\u00edn? En el Hotel Augusta disfrutar\u00e1 de una elegancia atemporal cerca de las joyas culturales e hist\u00f3ricas de la ciudad.\" \/>\n<meta property=\"og:url\" content=\"https:\/\/www.hotel-augusta.de\/es\/alrededores\/tiergarten\/\" \/>\n<meta property=\"og:site_name\" content=\"Hotel Augusta\" \/>\n<meta property=\"article:modified_time\" content=\"2025-06-12T14:29:23+00:00\" \/>\n<meta name=\"twitter:card\" content=\"summary_large_image\" \/>\n<meta name=\"twitter:label1\" content=\"Tiempo de lectura\" \/>\n\t<meta name=\"twitter:data1\" content=\"1 minuto\" \/>\n<script type=\"application\/ld+json\" class=\"yoast-schema-graph\">{\"@context\":\"https:\\\/\\\/schema.org\",\"@graph\":[{\"@type\":\"WebPage\",\"@id\":\"https:\\\/\\\/www.hotel-augusta.de\\\/es\\\/alrededores\\\/tiergarten\\\/\",\"url\":\"https:\\\/\\\/www.hotel-augusta.de\\\/es\\\/alrededores\\\/tiergarten\\\/\",\"name\":\"Hotel Tiergarten en Berl\u00edn | Hotel Augusta\",\"isPartOf\":{\"@id\":\"https:\\\/\\\/www.hotel-augusta.de\\\/es\\\/#website\"},\"datePublished\":\"2025-04-28T09:59:07+00:00\",\"dateModified\":\"2025-06-12T14:29:23+00:00\",\"description\":\"\u00bfBusca hotel cerca del Tiergarten de Berl\u00edn? En el Hotel Augusta disfrutar\u00e1 de una elegancia atemporal cerca de las joyas culturales e hist\u00f3ricas de la ciudad.\",\"breadcrumb\":{\"@id\":\"https:\\\/\\\/www.hotel-augusta.de\\\/es\\\/alrededores\\\/tiergarten\\\/#breadcrumb\"},\"inLanguage\":\"es\",\"potentialAction\":[{\"@type\":\"ReadAction\",\"target\":[\"https:\\\/\\\/www.hotel-augusta.de\\\/es\\\/alrededores\\\/tiergarten\\\/\"]}]},{\"@type\":\"BreadcrumbList\",\"@id\":\"https:\\\/\\\/www.hotel-augusta.de\\\/es\\\/alrededores\\\/tiergarten\\\/#breadcrumb\",\"itemListElement\":[{\"@type\":\"ListItem\",\"position\":1,\"name\":\"Home\",\"item\":\"https:\\\/\\\/www.hotel-augusta.de\\\/es\\\/\"},{\"@type\":\"ListItem\",\"position\":2,\"name\":\"Alrededores\",\"item\":\"https:\\\/\\\/www.hotel-augusta.de\\\/es\\\/umgebung\\\/\"},{\"@type\":\"ListItem\",\"position\":3,\"name\":\"Tiergarten\"}]},{\"@type\":\"WebSite\",\"@id\":\"https:\\\/\\\/www.hotel-augusta.de\\\/es\\\/#website\",\"url\":\"https:\\\/\\\/www.hotel-augusta.de\\\/es\\\/\",\"name\":\"Hotel Augusta\",\"description\":\"\",\"publisher\":{\"@id\":\"https:\\\/\\\/www.hotel-augusta.de\\\/es\\\/#organization\"},\"potentialAction\":[{\"@type\":\"SearchAction\",\"target\":{\"@type\":\"EntryPoint\",\"urlTemplate\":\"https:\\\/\\\/www.hotel-augusta.de\\\/es\\\/?s={search_term_string}\"},\"query-input\":{\"@type\":\"PropertyValueSpecification\",\"valueRequired\":true,\"valueName\":\"search_term_string\"}}],\"inLanguage\":\"es\"},{\"@type\":\"Organization\",\"@id\":\"https:\\\/\\\/www.hotel-augusta.de\\\/es\\\/#organization\",\"name\":\"Hotel Augusta\",\"url\":\"https:\\\/\\\/www.hotel-augusta.de\\\/es\\\/\",\"logo\":{\"@type\":\"ImageObject\",\"inLanguage\":\"es\",\"@id\":\"https:\\\/\\\/www.hotel-augusta.de\\\/es\\\/#\\\/schema\\\/logo\\\/image\\\/\",\"url\":\"https:\\\/\\\/hotel-augusta.ms2.decms.eu\\\/wp-content\\\/uploads\\\/sites\\\/245\\\/2025\\\/04\\\/hotel-augusta-logo-g.svg\",\"contentUrl\":\"https:\\\/\\\/hotel-augusta.ms2.decms.eu\\\/wp-content\\\/uploads\\\/sites\\\/245\\\/2025\\\/04\\\/hotel-augusta-logo-g.svg\",\"width\":314,\"height\":125,\"caption\":\"Hotel Augusta\"},\"image\":{\"@id\":\"https:\\\/\\\/www.hotel-augusta.de\\\/es\\\/#\\\/schema\\\/logo\\\/image\\\/\"}}]}<\/script>\n<!-- \/ Yoast SEO plugin. -->","yoast_head_json":{"title":"Hotel Tiergarten en Berl\u00edn | Hotel Augusta","description":"\u00bfBusca hotel cerca del Tiergarten de Berl\u00edn? En el Hotel Augusta disfrutar\u00e1 de una elegancia atemporal cerca de las joyas culturales e hist\u00f3ricas de la ciudad.","robots":{"index":"index","follow":"follow","max-snippet":"max-snippet:-1","max-image-preview":"max-image-preview:large","max-video-preview":"max-video-preview:-1"},"canonical":"https:\/\/www.hotel-augusta.de\/es\/alrededores\/tiergarten\/","og_locale":"es_ES","og_type":"article","og_title":"Hotel Tiergarten en Berl\u00edn | Hotel Augusta","og_description":"\u00bfBusca hotel cerca del Tiergarten de Berl\u00edn? En el Hotel Augusta disfrutar\u00e1 de una elegancia atemporal cerca de las joyas culturales e hist\u00f3ricas de la ciudad.","og_url":"https:\/\/www.hotel-augusta.de\/es\/alrededores\/tiergarten\/","og_site_name":"Hotel Augusta","article_modified_time":"2025-06-12T14:29:23+00:00","twitter_card":"summary_large_image","twitter_misc":{"Tiempo de lectura":"1 minuto"},"schema":{"@context":"https:\/\/schema.org","@graph":[{"@type":"WebPage","@id":"https:\/\/www.hotel-augusta.de\/es\/alrededores\/tiergarten\/","url":"https:\/\/www.hotel-augusta.de\/es\/alrededores\/tiergarten\/","name":"Hotel Tiergarten en Berl\u00edn | Hotel Augusta","isPartOf":{"@id":"https:\/\/www.hotel-augusta.de\/es\/#website"},"datePublished":"2025-04-28T09:59:07+00:00","dateModified":"2025-06-12T14:29:23+00:00","description":"\u00bfBusca hotel cerca del Tiergarten de Berl\u00edn? En el Hotel Augusta disfrutar\u00e1 de una elegancia atemporal cerca de las joyas culturales e hist\u00f3ricas de la ciudad.","breadcrumb":{"@id":"https:\/\/www.hotel-augusta.de\/es\/alrededores\/tiergarten\/#breadcrumb"},"inLanguage":"es","potentialAction":[{"@type":"ReadAction","target":["https:\/\/www.hotel-augusta.de\/es\/alrededores\/tiergarten\/"]}]},{"@type":"BreadcrumbList","@id":"https:\/\/www.hotel-augusta.de\/es\/alrededores\/tiergarten\/#breadcrumb","itemListElement":[{"@type":"ListItem","position":1,"name":"Home","item":"https:\/\/www.hotel-augusta.de\/es\/"},{"@type":"ListItem","position":2,"name":"Alrededores","item":"https:\/\/www.hotel-augusta.de\/es\/umgebung\/"},{"@type":"ListItem","position":3,"name":"Tiergarten"}]},{"@type":"WebSite","@id":"https:\/\/www.hotel-augusta.de\/es\/#website","url":"https:\/\/www.hotel-augusta.de\/es\/","name":"Hotel Augusta","description":"","publisher":{"@id":"https:\/\/www.hotel-augusta.de\/es\/#organization"},"potentialAction":[{"@type":"SearchAction","target":{"@type":"EntryPoint","urlTemplate":"https:\/\/www.hotel-augusta.de\/es\/?s={search_term_string}"},"query-input":{"@type":"PropertyValueSpecification","valueRequired":true,"valueName":"search_term_string"}}],"inLanguage":"es"},{"@type":"Organization","@id":"https:\/\/www.hotel-augusta.de\/es\/#organization","name":"Hotel Augusta","url":"https:\/\/www.hotel-augusta.de\/es\/","logo":{"@type":"ImageObject","inLanguage":"es","@id":"https:\/\/www.hotel-augusta.de\/es\/#\/schema\/logo\/image\/","url":"https:\/\/hotel-augusta.ms2.decms.eu\/wp-content\/uploads\/sites\/245\/2025\/04\/hotel-augusta-logo-g.svg","contentUrl":"https:\/\/hotel-augusta.ms2.decms.eu\/wp-content\/uploads\/sites\/245\/2025\/04\/hotel-augusta-logo-g.svg","width":314,"height":125,"caption":"Hotel Augusta"},"image":{"@id":"https:\/\/www.hotel-augusta.de\/es\/#\/schema\/logo\/image\/"}}]}},"acf":[],"_links":{"self":[{"href":"https:\/\/www.hotel-augusta.de\/es\/wp-json\/wp\/v2\/pages\/141","targetHints":{"allow":["GET"]}}],"collection":[{"href":"https:\/\/www.hotel-augusta.de\/es\/wp-json\/wp\/v2\/pages"}],"about":[{"href":"https:\/\/www.hotel-augusta.de\/es\/wp-json\/wp\/v2\/types\/page"}],"author":[{"embeddable":true,"href":"https:\/\/www.hotel-augusta.de\/es\/wp-json\/wp\/v2\/users\/26"}],"replies":[{"embeddable":true,"href":"https:\/\/www.hotel-augusta.de\/es\/wp-json\/wp\/v2\/comments?post=141"}],"version-history":[{"count":0,"href":"https:\/\/www.hotel-augusta.de\/es\/wp-json\/wp\/v2\/pages\/141\/revisions"}],"up":[{"embeddable":true,"href":"https:\/\/www.hotel-augusta.de\/es\/wp-json\/wp\/v2\/pages\/139"}],"wp:attachment":[{"href":"https:\/\/www.hotel-augusta.de\/es\/wp-json\/wp\/v2\/media?parent=141"}],"curies":[{"name":"wp","href":"https:\/\/api.w.org\/{rel}","templated":true}]}}