{"id":140,"date":"2025-04-28T09:58:52","date_gmt":"2025-04-28T09:58:52","guid":{"rendered":"https:\/\/hotel-augusta.ms2.decms.eu\/?page_id=140"},"modified":"2025-06-12T14:27:02","modified_gmt":"2025-06-12T14:27:02","slug":"kurfurstendamm","status":"publish","type":"page","link":"https:\/\/www.hotel-augusta.de\/es\/alrededores\/kurfurstendamm\/","title":{"rendered":"Kurf\u00fcrstendamm"},"content":{"rendered":"<p>Kurf\u00fcrstendamm es el lugar perfecto para los amantes de las compras. Esta avenida de 3,5 kil\u00f3metros de longitud est\u00e1 jalonada de tiendas como Apple, Tiffany y Gucci, tiendas conceptuales alemanas como Apropos y tiendas de dise\u00f1o de interiores como Living Berlin. En sus calles laterales tambi\u00e9n encontrar\u00e1 tiendas independientes que reflejan el esp\u00edritu creativo de Berl\u00edn.<\/p>\n<p>La Savignyplatz, a solo un breve paseo, ofrece cafeter\u00edas especializadas, librer\u00edas, clubes, bares de c\u00f3cteles y restaurantes con gastronom\u00eda de todo el mundo. \u00a1Una plaza que est\u00e1 viva d\u00eda y noche!<\/p>\n","protected":false},"excerpt":{"rendered":"<p>Kurf\u00fcrstendamm es el lugar perfecto para los amantes de las compras. Esta avenida de 3,5 kil\u00f3metros de longitud est\u00e1 jalonada de tiendas como Apple, Tiffany y Gucci, tiendas conceptuales alemanas como Apropos y tiendas de dise\u00f1o de interiores como Living Berlin. En sus calles laterales tambi\u00e9n encontrar\u00e1 tiendas independientes que reflejan el esp\u00edritu creativo de [&hellip;]<\/p>\n","protected":false},"author":26,"featured_media":0,"parent":139,"menu_order":10,"comment_status":"closed","ping_status":"closed","template":"template-default-3.php","meta":{"footnotes":""},"class_list":["post-140","page","type-page","status-publish","hentry"],"yoast_head":"<!-- This site is optimized with the Yoast SEO plugin v27.3 - https:\/\/yoast.com\/product\/yoast-seo-wordpress\/ -->\n<title>Hotel Kurf\u00fcrstendamm en Berlin | Hotel Augusta<\/title>\n<meta name=\"description\" content=\"El Hotel Augusta, de los mejores cerca de Kurf\u00fcrstendamm, ofrece encanto boutique, tranquilidad y comodidad a un paso de la principal calle comercial de Berl\u00edn.\" \/>\n<meta name=\"robots\" content=\"index, follow, max-snippet:-1, max-image-preview:large, max-video-preview:-1\" \/>\n<link rel=\"canonical\" href=\"https:\/\/www.hotel-augusta.de\/es\/alrededores\/kurfurstendamm\/\" \/>\n<meta property=\"og:locale\" content=\"es_ES\" \/>\n<meta property=\"og:type\" content=\"article\" \/>\n<meta property=\"og:title\" content=\"Hotel Kurf\u00fcrstendamm en Berlin | Hotel Augusta\" \/>\n<meta property=\"og:description\" content=\"El Hotel Augusta, de los mejores cerca de Kurf\u00fcrstendamm, ofrece encanto boutique, tranquilidad y comodidad a un paso de la principal calle comercial de Berl\u00edn.\" \/>\n<meta property=\"og:url\" content=\"https:\/\/www.hotel-augusta.de\/es\/alrededores\/kurfurstendamm\/\" \/>\n<meta property=\"og:site_name\" content=\"Hotel Augusta\" \/>\n<meta property=\"article:modified_time\" content=\"2025-06-12T14:27:02+00:00\" \/>\n<meta name=\"twitter:card\" content=\"summary_large_image\" \/>\n<meta name=\"twitter:label1\" content=\"Tiempo de lectura\" \/>\n\t<meta name=\"twitter:data1\" content=\"1 minuto\" \/>\n<script type=\"application\/ld+json\" class=\"yoast-schema-graph\">{\"@context\":\"https:\\\/\\\/schema.org\",\"@graph\":[{\"@type\":\"WebPage\",\"@id\":\"https:\\\/\\\/www.hotel-augusta.de\\\/es\\\/alrededores\\\/kurfurstendamm\\\/\",\"url\":\"https:\\\/\\\/www.hotel-augusta.de\\\/es\\\/alrededores\\\/kurfurstendamm\\\/\",\"name\":\"Hotel Kurf\u00fcrstendamm en Berlin | Hotel Augusta\",\"isPartOf\":{\"@id\":\"https:\\\/\\\/www.hotel-augusta.de\\\/es\\\/#website\"},\"datePublished\":\"2025-04-28T09:58:52+00:00\",\"dateModified\":\"2025-06-12T14:27:02+00:00\",\"description\":\"El Hotel Augusta, de los mejores cerca de Kurf\u00fcrstendamm, ofrece encanto boutique, tranquilidad y comodidad a un paso de la principal calle comercial de Berl\u00edn.\",\"breadcrumb\":{\"@id\":\"https:\\\/\\\/www.hotel-augusta.de\\\/es\\\/alrededores\\\/kurfurstendamm\\\/#breadcrumb\"},\"inLanguage\":\"es\",\"potentialAction\":[{\"@type\":\"ReadAction\",\"target\":[\"https:\\\/\\\/www.hotel-augusta.de\\\/es\\\/alrededores\\\/kurfurstendamm\\\/\"]}]},{\"@type\":\"BreadcrumbList\",\"@id\":\"https:\\\/\\\/www.hotel-augusta.de\\\/es\\\/alrededores\\\/kurfurstendamm\\\/#breadcrumb\",\"itemListElement\":[{\"@type\":\"ListItem\",\"position\":1,\"name\":\"Home\",\"item\":\"https:\\\/\\\/www.hotel-augusta.de\\\/es\\\/\"},{\"@type\":\"ListItem\",\"position\":2,\"name\":\"Alrededores\",\"item\":\"https:\\\/\\\/www.hotel-augusta.de\\\/es\\\/umgebung\\\/\"},{\"@type\":\"ListItem\",\"position\":3,\"name\":\"Kurf\u00fcrstendamm\"}]},{\"@type\":\"WebSite\",\"@id\":\"https:\\\/\\\/www.hotel-augusta.de\\\/es\\\/#website\",\"url\":\"https:\\\/\\\/www.hotel-augusta.de\\\/es\\\/\",\"name\":\"Hotel Augusta\",\"description\":\"\",\"publisher\":{\"@id\":\"https:\\\/\\\/www.hotel-augusta.de\\\/es\\\/#organization\"},\"potentialAction\":[{\"@type\":\"SearchAction\",\"target\":{\"@type\":\"EntryPoint\",\"urlTemplate\":\"https:\\\/\\\/www.hotel-augusta.de\\\/es\\\/?s={search_term_string}\"},\"query-input\":{\"@type\":\"PropertyValueSpecification\",\"valueRequired\":true,\"valueName\":\"search_term_string\"}}],\"inLanguage\":\"es\"},{\"@type\":\"Organization\",\"@id\":\"https:\\\/\\\/www.hotel-augusta.de\\\/es\\\/#organization\",\"name\":\"Hotel Augusta\",\"url\":\"https:\\\/\\\/www.hotel-augusta.de\\\/es\\\/\",\"logo\":{\"@type\":\"ImageObject\",\"inLanguage\":\"es\",\"@id\":\"https:\\\/\\\/www.hotel-augusta.de\\\/es\\\/#\\\/schema\\\/logo\\\/image\\\/\",\"url\":\"https:\\\/\\\/hotel-augusta.ms2.decms.eu\\\/wp-content\\\/uploads\\\/sites\\\/245\\\/2025\\\/04\\\/hotel-augusta-logo-g.svg\",\"contentUrl\":\"https:\\\/\\\/hotel-augusta.ms2.decms.eu\\\/wp-content\\\/uploads\\\/sites\\\/245\\\/2025\\\/04\\\/hotel-augusta-logo-g.svg\",\"width\":314,\"height\":125,\"caption\":\"Hotel Augusta\"},\"image\":{\"@id\":\"https:\\\/\\\/www.hotel-augusta.de\\\/es\\\/#\\\/schema\\\/logo\\\/image\\\/\"}}]}<\/script>\n<!-- \/ Yoast SEO plugin. -->","yoast_head_json":{"title":"Hotel Kurf\u00fcrstendamm en Berlin | Hotel Augusta","description":"El Hotel Augusta, de los mejores cerca de Kurf\u00fcrstendamm, ofrece encanto boutique, tranquilidad y comodidad a un paso de la principal calle comercial de Berl\u00edn.","robots":{"index":"index","follow":"follow","max-snippet":"max-snippet:-1","max-image-preview":"max-image-preview:large","max-video-preview":"max-video-preview:-1"},"canonical":"https:\/\/www.hotel-augusta.de\/es\/alrededores\/kurfurstendamm\/","og_locale":"es_ES","og_type":"article","og_title":"Hotel Kurf\u00fcrstendamm en Berlin | Hotel Augusta","og_description":"El Hotel Augusta, de los mejores cerca de Kurf\u00fcrstendamm, ofrece encanto boutique, tranquilidad y comodidad a un paso de la principal calle comercial de Berl\u00edn.","og_url":"https:\/\/www.hotel-augusta.de\/es\/alrededores\/kurfurstendamm\/","og_site_name":"Hotel Augusta","article_modified_time":"2025-06-12T14:27:02+00:00","twitter_card":"summary_large_image","twitter_misc":{"Tiempo de lectura":"1 minuto"},"schema":{"@context":"https:\/\/schema.org","@graph":[{"@type":"WebPage","@id":"https:\/\/www.hotel-augusta.de\/es\/alrededores\/kurfurstendamm\/","url":"https:\/\/www.hotel-augusta.de\/es\/alrededores\/kurfurstendamm\/","name":"Hotel Kurf\u00fcrstendamm en Berlin | Hotel Augusta","isPartOf":{"@id":"https:\/\/www.hotel-augusta.de\/es\/#website"},"datePublished":"2025-04-28T09:58:52+00:00","dateModified":"2025-06-12T14:27:02+00:00","description":"El Hotel Augusta, de los mejores cerca de Kurf\u00fcrstendamm, ofrece encanto boutique, tranquilidad y comodidad a un paso de la principal calle comercial de Berl\u00edn.","breadcrumb":{"@id":"https:\/\/www.hotel-augusta.de\/es\/alrededores\/kurfurstendamm\/#breadcrumb"},"inLanguage":"es","potentialAction":[{"@type":"ReadAction","target":["https:\/\/www.hotel-augusta.de\/es\/alrededores\/kurfurstendamm\/"]}]},{"@type":"BreadcrumbList","@id":"https:\/\/www.hotel-augusta.de\/es\/alrededores\/kurfurstendamm\/#breadcrumb","itemListElement":[{"@type":"ListItem","position":1,"name":"Home","item":"https:\/\/www.hotel-augusta.de\/es\/"},{"@type":"ListItem","position":2,"name":"Alrededores","item":"https:\/\/www.hotel-augusta.de\/es\/umgebung\/"},{"@type":"ListItem","position":3,"name":"Kurf\u00fcrstendamm"}]},{"@type":"WebSite","@id":"https:\/\/www.hotel-augusta.de\/es\/#website","url":"https:\/\/www.hotel-augusta.de\/es\/","name":"Hotel Augusta","description":"","publisher":{"@id":"https:\/\/www.hotel-augusta.de\/es\/#organization"},"potentialAction":[{"@type":"SearchAction","target":{"@type":"EntryPoint","urlTemplate":"https:\/\/www.hotel-augusta.de\/es\/?s={search_term_string}"},"query-input":{"@type":"PropertyValueSpecification","valueRequired":true,"valueName":"search_term_string"}}],"inLanguage":"es"},{"@type":"Organization","@id":"https:\/\/www.hotel-augusta.de\/es\/#organization","name":"Hotel Augusta","url":"https:\/\/www.hotel-augusta.de\/es\/","logo":{"@type":"ImageObject","inLanguage":"es","@id":"https:\/\/www.hotel-augusta.de\/es\/#\/schema\/logo\/image\/","url":"https:\/\/hotel-augusta.ms2.decms.eu\/wp-content\/uploads\/sites\/245\/2025\/04\/hotel-augusta-logo-g.svg","contentUrl":"https:\/\/hotel-augusta.ms2.decms.eu\/wp-content\/uploads\/sites\/245\/2025\/04\/hotel-augusta-logo-g.svg","width":314,"height":125,"caption":"Hotel Augusta"},"image":{"@id":"https:\/\/www.hotel-augusta.de\/es\/#\/schema\/logo\/image\/"}}]}},"acf":[],"_links":{"self":[{"href":"https:\/\/www.hotel-augusta.de\/es\/wp-json\/wp\/v2\/pages\/140","targetHints":{"allow":["GET"]}}],"collection":[{"href":"https:\/\/www.hotel-augusta.de\/es\/wp-json\/wp\/v2\/pages"}],"about":[{"href":"https:\/\/www.hotel-augusta.de\/es\/wp-json\/wp\/v2\/types\/page"}],"author":[{"embeddable":true,"href":"https:\/\/www.hotel-augusta.de\/es\/wp-json\/wp\/v2\/users\/26"}],"replies":[{"embeddable":true,"href":"https:\/\/www.hotel-augusta.de\/es\/wp-json\/wp\/v2\/comments?post=140"}],"version-history":[{"count":0,"href":"https:\/\/www.hotel-augusta.de\/es\/wp-json\/wp\/v2\/pages\/140\/revisions"}],"up":[{"embeddable":true,"href":"https:\/\/www.hotel-augusta.de\/es\/wp-json\/wp\/v2\/pages\/139"}],"wp:attachment":[{"href":"https:\/\/www.hotel-augusta.de\/es\/wp-json\/wp\/v2\/media?parent=140"}],"curies":[{"name":"wp","href":"https:\/\/api.w.org\/{rel}","templated":true}]}}