{"id":136,"date":"2025-04-28T09:57:00","date_gmt":"2025-04-28T09:57:00","guid":{"rendered":"https:\/\/hotel-augusta.ms2.decms.eu\/?page_id=136"},"modified":"2025-06-12T14:20:36","modified_gmt":"2025-06-12T14:20:36","slug":"salas-para-eventos","status":"publish","type":"page","link":"https:\/\/www.hotel-augusta.de\/es\/gastronomia\/salas-para-eventos\/","title":{"rendered":"Salas para eventos"},"content":{"rendered":"<p>En el Hotel Augusta nuestro objetivo es que los hu\u00e9spedes se sientan como en familia. Somos ante todo una empresa familiar. Cuando reserve nuestro comedor para <strong>celebrar su cumplea\u00f1os en Berl\u00edn<\/strong>, le trataremos con el mismo esmero y cari\u00f1o que si estuvi\u00e9ramos organizando la celebraci\u00f3n para uno de nuestros familiares.<\/p>\n","protected":false},"excerpt":{"rendered":"<p>En el Hotel Augusta nuestro objetivo es que los hu\u00e9spedes se sientan como en familia. Somos ante todo una empresa familiar. Cuando reserve nuestro comedor para celebrar su cumplea\u00f1os en Berl\u00edn, le trataremos con el mismo esmero y cari\u00f1o que si estuvi\u00e9ramos organizando la celebraci\u00f3n para uno de nuestros familiares.<\/p>\n","protected":false},"author":26,"featured_media":0,"parent":135,"menu_order":10,"comment_status":"closed","ping_status":"closed","template":"template-single-restaurant.php","meta":{"footnotes":""},"class_list":["post-136","page","type-page","status-publish","hentry"],"yoast_head":"<!-- This site is optimized with the Yoast SEO plugin v27.3 - https:\/\/yoast.com\/product\/yoast-seo-wordpress\/ -->\n<title>Fiestas de cumplea\u00f1os en Berl\u00edn | Hotel Augusta<\/title>\n<meta name=\"description\" content=\"\u00bfQuiere celebrar su cumplea\u00f1os en Berl\u00edn? El Hotel Augusta ofrece elegantes espacios y un gran servicio para celebraciones inolvidables en un entorno boutique.\" \/>\n<meta name=\"robots\" content=\"index, follow, max-snippet:-1, max-image-preview:large, max-video-preview:-1\" \/>\n<link rel=\"canonical\" href=\"https:\/\/www.hotel-augusta.de\/es\/gastronomia\/salas-para-eventos\/\" \/>\n<meta property=\"og:locale\" content=\"es_ES\" \/>\n<meta property=\"og:type\" content=\"article\" \/>\n<meta property=\"og:title\" content=\"Fiestas de cumplea\u00f1os en Berl\u00edn | Hotel Augusta\" \/>\n<meta property=\"og:description\" content=\"\u00bfQuiere celebrar su cumplea\u00f1os en Berl\u00edn? El Hotel Augusta ofrece elegantes espacios y un gran servicio para celebraciones inolvidables en un entorno boutique.\" \/>\n<meta property=\"og:url\" content=\"https:\/\/www.hotel-augusta.de\/es\/gastronomia\/salas-para-eventos\/\" \/>\n<meta property=\"og:site_name\" content=\"Hotel Augusta\" \/>\n<meta property=\"article:modified_time\" content=\"2025-06-12T14:20:36+00:00\" \/>\n<meta name=\"twitter:card\" content=\"summary_large_image\" \/>\n<meta name=\"twitter:label1\" content=\"Tiempo de lectura\" \/>\n\t<meta name=\"twitter:data1\" content=\"1 minuto\" \/>\n<script type=\"application\/ld+json\" class=\"yoast-schema-graph\">{\"@context\":\"https:\\\/\\\/schema.org\",\"@graph\":[{\"@type\":\"WebPage\",\"@id\":\"https:\\\/\\\/www.hotel-augusta.de\\\/es\\\/gastronomia\\\/salas-para-eventos\\\/\",\"url\":\"https:\\\/\\\/www.hotel-augusta.de\\\/es\\\/gastronomia\\\/salas-para-eventos\\\/\",\"name\":\"Fiestas de cumplea\u00f1os en Berl\u00edn | Hotel Augusta\",\"isPartOf\":{\"@id\":\"https:\\\/\\\/www.hotel-augusta.de\\\/es\\\/#website\"},\"datePublished\":\"2025-04-28T09:57:00+00:00\",\"dateModified\":\"2025-06-12T14:20:36+00:00\",\"description\":\"\u00bfQuiere celebrar su cumplea\u00f1os en Berl\u00edn? El Hotel Augusta ofrece elegantes espacios y un gran servicio para celebraciones inolvidables en un entorno boutique.\",\"breadcrumb\":{\"@id\":\"https:\\\/\\\/www.hotel-augusta.de\\\/es\\\/gastronomia\\\/salas-para-eventos\\\/#breadcrumb\"},\"inLanguage\":\"es\",\"potentialAction\":[{\"@type\":\"ReadAction\",\"target\":[\"https:\\\/\\\/www.hotel-augusta.de\\\/es\\\/gastronomia\\\/salas-para-eventos\\\/\"]}]},{\"@type\":\"BreadcrumbList\",\"@id\":\"https:\\\/\\\/www.hotel-augusta.de\\\/es\\\/gastronomia\\\/salas-para-eventos\\\/#breadcrumb\",\"itemListElement\":[{\"@type\":\"ListItem\",\"position\":1,\"name\":\"Home\",\"item\":\"https:\\\/\\\/www.hotel-augusta.de\\\/es\\\/\"},{\"@type\":\"ListItem\",\"position\":2,\"name\":\"Gastronom\u00eda\",\"item\":\"https:\\\/\\\/www.hotel-augusta.de\\\/es\\\/gastronomia\\\/\"},{\"@type\":\"ListItem\",\"position\":3,\"name\":\"Salas para eventos\"}]},{\"@type\":\"WebSite\",\"@id\":\"https:\\\/\\\/www.hotel-augusta.de\\\/es\\\/#website\",\"url\":\"https:\\\/\\\/www.hotel-augusta.de\\\/es\\\/\",\"name\":\"Hotel Augusta\",\"description\":\"\",\"publisher\":{\"@id\":\"https:\\\/\\\/www.hotel-augusta.de\\\/es\\\/#organization\"},\"potentialAction\":[{\"@type\":\"SearchAction\",\"target\":{\"@type\":\"EntryPoint\",\"urlTemplate\":\"https:\\\/\\\/www.hotel-augusta.de\\\/es\\\/?s={search_term_string}\"},\"query-input\":{\"@type\":\"PropertyValueSpecification\",\"valueRequired\":true,\"valueName\":\"search_term_string\"}}],\"inLanguage\":\"es\"},{\"@type\":\"Organization\",\"@id\":\"https:\\\/\\\/www.hotel-augusta.de\\\/es\\\/#organization\",\"name\":\"Hotel Augusta\",\"url\":\"https:\\\/\\\/www.hotel-augusta.de\\\/es\\\/\",\"logo\":{\"@type\":\"ImageObject\",\"inLanguage\":\"es\",\"@id\":\"https:\\\/\\\/www.hotel-augusta.de\\\/es\\\/#\\\/schema\\\/logo\\\/image\\\/\",\"url\":\"https:\\\/\\\/hotel-augusta.ms2.decms.eu\\\/wp-content\\\/uploads\\\/sites\\\/245\\\/2025\\\/04\\\/hotel-augusta-logo-g.svg\",\"contentUrl\":\"https:\\\/\\\/hotel-augusta.ms2.decms.eu\\\/wp-content\\\/uploads\\\/sites\\\/245\\\/2025\\\/04\\\/hotel-augusta-logo-g.svg\",\"width\":314,\"height\":125,\"caption\":\"Hotel Augusta\"},\"image\":{\"@id\":\"https:\\\/\\\/www.hotel-augusta.de\\\/es\\\/#\\\/schema\\\/logo\\\/image\\\/\"}}]}<\/script>\n<!-- \/ Yoast SEO plugin. -->","yoast_head_json":{"title":"Fiestas de cumplea\u00f1os en Berl\u00edn | Hotel Augusta","description":"\u00bfQuiere celebrar su cumplea\u00f1os en Berl\u00edn? El Hotel Augusta ofrece elegantes espacios y un gran servicio para celebraciones inolvidables en un entorno boutique.","robots":{"index":"index","follow":"follow","max-snippet":"max-snippet:-1","max-image-preview":"max-image-preview:large","max-video-preview":"max-video-preview:-1"},"canonical":"https:\/\/www.hotel-augusta.de\/es\/gastronomia\/salas-para-eventos\/","og_locale":"es_ES","og_type":"article","og_title":"Fiestas de cumplea\u00f1os en Berl\u00edn | Hotel Augusta","og_description":"\u00bfQuiere celebrar su cumplea\u00f1os en Berl\u00edn? El Hotel Augusta ofrece elegantes espacios y un gran servicio para celebraciones inolvidables en un entorno boutique.","og_url":"https:\/\/www.hotel-augusta.de\/es\/gastronomia\/salas-para-eventos\/","og_site_name":"Hotel Augusta","article_modified_time":"2025-06-12T14:20:36+00:00","twitter_card":"summary_large_image","twitter_misc":{"Tiempo de lectura":"1 minuto"},"schema":{"@context":"https:\/\/schema.org","@graph":[{"@type":"WebPage","@id":"https:\/\/www.hotel-augusta.de\/es\/gastronomia\/salas-para-eventos\/","url":"https:\/\/www.hotel-augusta.de\/es\/gastronomia\/salas-para-eventos\/","name":"Fiestas de cumplea\u00f1os en Berl\u00edn | Hotel Augusta","isPartOf":{"@id":"https:\/\/www.hotel-augusta.de\/es\/#website"},"datePublished":"2025-04-28T09:57:00+00:00","dateModified":"2025-06-12T14:20:36+00:00","description":"\u00bfQuiere celebrar su cumplea\u00f1os en Berl\u00edn? El Hotel Augusta ofrece elegantes espacios y un gran servicio para celebraciones inolvidables en un entorno boutique.","breadcrumb":{"@id":"https:\/\/www.hotel-augusta.de\/es\/gastronomia\/salas-para-eventos\/#breadcrumb"},"inLanguage":"es","potentialAction":[{"@type":"ReadAction","target":["https:\/\/www.hotel-augusta.de\/es\/gastronomia\/salas-para-eventos\/"]}]},{"@type":"BreadcrumbList","@id":"https:\/\/www.hotel-augusta.de\/es\/gastronomia\/salas-para-eventos\/#breadcrumb","itemListElement":[{"@type":"ListItem","position":1,"name":"Home","item":"https:\/\/www.hotel-augusta.de\/es\/"},{"@type":"ListItem","position":2,"name":"Gastronom\u00eda","item":"https:\/\/www.hotel-augusta.de\/es\/gastronomia\/"},{"@type":"ListItem","position":3,"name":"Salas para eventos"}]},{"@type":"WebSite","@id":"https:\/\/www.hotel-augusta.de\/es\/#website","url":"https:\/\/www.hotel-augusta.de\/es\/","name":"Hotel Augusta","description":"","publisher":{"@id":"https:\/\/www.hotel-augusta.de\/es\/#organization"},"potentialAction":[{"@type":"SearchAction","target":{"@type":"EntryPoint","urlTemplate":"https:\/\/www.hotel-augusta.de\/es\/?s={search_term_string}"},"query-input":{"@type":"PropertyValueSpecification","valueRequired":true,"valueName":"search_term_string"}}],"inLanguage":"es"},{"@type":"Organization","@id":"https:\/\/www.hotel-augusta.de\/es\/#organization","name":"Hotel Augusta","url":"https:\/\/www.hotel-augusta.de\/es\/","logo":{"@type":"ImageObject","inLanguage":"es","@id":"https:\/\/www.hotel-augusta.de\/es\/#\/schema\/logo\/image\/","url":"https:\/\/hotel-augusta.ms2.decms.eu\/wp-content\/uploads\/sites\/245\/2025\/04\/hotel-augusta-logo-g.svg","contentUrl":"https:\/\/hotel-augusta.ms2.decms.eu\/wp-content\/uploads\/sites\/245\/2025\/04\/hotel-augusta-logo-g.svg","width":314,"height":125,"caption":"Hotel Augusta"},"image":{"@id":"https:\/\/www.hotel-augusta.de\/es\/#\/schema\/logo\/image\/"}}]}},"acf":[],"_links":{"self":[{"href":"https:\/\/www.hotel-augusta.de\/es\/wp-json\/wp\/v2\/pages\/136","targetHints":{"allow":["GET"]}}],"collection":[{"href":"https:\/\/www.hotel-augusta.de\/es\/wp-json\/wp\/v2\/pages"}],"about":[{"href":"https:\/\/www.hotel-augusta.de\/es\/wp-json\/wp\/v2\/types\/page"}],"author":[{"embeddable":true,"href":"https:\/\/www.hotel-augusta.de\/es\/wp-json\/wp\/v2\/users\/26"}],"replies":[{"embeddable":true,"href":"https:\/\/www.hotel-augusta.de\/es\/wp-json\/wp\/v2\/comments?post=136"}],"version-history":[{"count":0,"href":"https:\/\/www.hotel-augusta.de\/es\/wp-json\/wp\/v2\/pages\/136\/revisions"}],"up":[{"embeddable":true,"href":"https:\/\/www.hotel-augusta.de\/es\/wp-json\/wp\/v2\/pages\/135"}],"wp:attachment":[{"href":"https:\/\/www.hotel-augusta.de\/es\/wp-json\/wp\/v2\/media?parent=136"}],"curies":[{"name":"wp","href":"https:\/\/api.w.org\/{rel}","templated":true}]}}