{"id":122,"date":"2025-04-28T08:36:08","date_gmt":"2025-04-28T08:36:08","guid":{"rendered":"https:\/\/hotel-augusta.ms2.decms.eu\/?page_id=122"},"modified":"2025-06-12T14:02:52","modified_gmt":"2025-06-12T14:02:52","slug":"habitaciones","status":"publish","type":"page","link":"https:\/\/www.hotel-augusta.de\/es\/habitaciones\/","title":{"rendered":"Habitaciones"},"content":{"rendered":"<p>En el Hotel Augusta, nuestras 45 habitaciones se han dise\u00f1ado individualmente para que se adapten a las diferentes necesidades de nuestros hu\u00e9spedes. Adem\u00e1s de todo lo esencial (c\u00f3modas camas, televisores de pantalla plana, Wi-Fi gratuito, secador de pelo y minibar), su habitaci\u00f3n tendr\u00e1 ese algo especial: un detallito que le har\u00e1 sentir como en casa. Quiz\u00e1s sea la radio que parece emitir sus canciones favoritas. O un lugar tranquilo para leer junto a la ventana. O un balc\u00f3n que le ayude a aprovechar al m\u00e1ximo su <strong>alojamiento en Berl\u00edn.\u00a0 <\/strong>Eso ser\u00e1 usted quien lo descubra.<\/p>\n","protected":false},"excerpt":{"rendered":"<p>En el Hotel Augusta, nuestras 45 habitaciones se han dise\u00f1ado individualmente para que se adapten a las diferentes necesidades de nuestros hu\u00e9spedes. Adem\u00e1s de todo lo esencial (c\u00f3modas camas, televisores de pantalla plana, Wi-Fi gratuito, secador de pelo y minibar), su habitaci\u00f3n tendr\u00e1 ese algo especial: un detallito que le har\u00e1 sentir como en casa. [&hellip;]<\/p>\n","protected":false},"author":26,"featured_media":0,"parent":0,"menu_order":30,"comment_status":"closed","ping_status":"closed","template":"template-rooms.php","meta":{"footnotes":""},"class_list":["post-122","page","type-page","status-publish","hentry"],"yoast_head":"<!-- This site is optimized with the Yoast SEO plugin v27.3 - https:\/\/yoast.com\/product\/yoast-seo-wordpress\/ -->\n<title>Elegante alojamiento en Berlin | Hotel Augusta<\/title>\n<meta name=\"description\" content=\"Hotel Augusta: un alojamiento elegante y tranquilo en Berl\u00edn. Habitaciones con moderno equipamiento, ideales para visitar la ciudad o para escapadas rom\u00e1nticas.\" \/>\n<meta name=\"robots\" content=\"index, follow, max-snippet:-1, max-image-preview:large, max-video-preview:-1\" \/>\n<link rel=\"canonical\" href=\"https:\/\/www.hotel-augusta.de\/es\/habitaciones\/\" \/>\n<meta property=\"og:locale\" content=\"es_ES\" \/>\n<meta property=\"og:type\" content=\"article\" \/>\n<meta property=\"og:title\" content=\"Elegante alojamiento en Berlin | Hotel Augusta\" \/>\n<meta property=\"og:description\" content=\"Hotel Augusta: un alojamiento elegante y tranquilo en Berl\u00edn. Habitaciones con moderno equipamiento, ideales para visitar la ciudad o para escapadas rom\u00e1nticas.\" \/>\n<meta property=\"og:url\" content=\"https:\/\/www.hotel-augusta.de\/es\/habitaciones\/\" \/>\n<meta property=\"og:site_name\" content=\"Hotel Augusta\" \/>\n<meta property=\"article:modified_time\" content=\"2025-06-12T14:02:52+00:00\" \/>\n<meta name=\"twitter:card\" content=\"summary_large_image\" \/>\n<meta name=\"twitter:label1\" content=\"Tiempo de lectura\" \/>\n\t<meta name=\"twitter:data1\" content=\"1 minuto\" \/>\n<script type=\"application\/ld+json\" class=\"yoast-schema-graph\">{\"@context\":\"https:\\\/\\\/schema.org\",\"@graph\":[{\"@type\":\"WebPage\",\"@id\":\"https:\\\/\\\/www.hotel-augusta.de\\\/es\\\/habitaciones\\\/\",\"url\":\"https:\\\/\\\/www.hotel-augusta.de\\\/es\\\/habitaciones\\\/\",\"name\":\"Elegante alojamiento en Berlin | Hotel Augusta\",\"isPartOf\":{\"@id\":\"https:\\\/\\\/www.hotel-augusta.de\\\/es\\\/#website\"},\"datePublished\":\"2025-04-28T08:36:08+00:00\",\"dateModified\":\"2025-06-12T14:02:52+00:00\",\"description\":\"Hotel Augusta: un alojamiento elegante y tranquilo en Berl\u00edn. Habitaciones con moderno equipamiento, ideales para visitar la ciudad o para escapadas rom\u00e1nticas.\",\"breadcrumb\":{\"@id\":\"https:\\\/\\\/www.hotel-augusta.de\\\/es\\\/habitaciones\\\/#breadcrumb\"},\"inLanguage\":\"es\",\"potentialAction\":[{\"@type\":\"ReadAction\",\"target\":[\"https:\\\/\\\/www.hotel-augusta.de\\\/es\\\/habitaciones\\\/\"]}]},{\"@type\":\"BreadcrumbList\",\"@id\":\"https:\\\/\\\/www.hotel-augusta.de\\\/es\\\/habitaciones\\\/#breadcrumb\",\"itemListElement\":[{\"@type\":\"ListItem\",\"position\":1,\"name\":\"Home\",\"item\":\"https:\\\/\\\/www.hotel-augusta.de\\\/es\\\/\"},{\"@type\":\"ListItem\",\"position\":2,\"name\":\"Habitaciones\"}]},{\"@type\":\"WebSite\",\"@id\":\"https:\\\/\\\/www.hotel-augusta.de\\\/es\\\/#website\",\"url\":\"https:\\\/\\\/www.hotel-augusta.de\\\/es\\\/\",\"name\":\"Hotel Augusta\",\"description\":\"\",\"publisher\":{\"@id\":\"https:\\\/\\\/www.hotel-augusta.de\\\/es\\\/#organization\"},\"potentialAction\":[{\"@type\":\"SearchAction\",\"target\":{\"@type\":\"EntryPoint\",\"urlTemplate\":\"https:\\\/\\\/www.hotel-augusta.de\\\/es\\\/?s={search_term_string}\"},\"query-input\":{\"@type\":\"PropertyValueSpecification\",\"valueRequired\":true,\"valueName\":\"search_term_string\"}}],\"inLanguage\":\"es\"},{\"@type\":\"Organization\",\"@id\":\"https:\\\/\\\/www.hotel-augusta.de\\\/es\\\/#organization\",\"name\":\"Hotel Augusta\",\"url\":\"https:\\\/\\\/www.hotel-augusta.de\\\/es\\\/\",\"logo\":{\"@type\":\"ImageObject\",\"inLanguage\":\"es\",\"@id\":\"https:\\\/\\\/www.hotel-augusta.de\\\/es\\\/#\\\/schema\\\/logo\\\/image\\\/\",\"url\":\"https:\\\/\\\/hotel-augusta.ms2.decms.eu\\\/wp-content\\\/uploads\\\/sites\\\/245\\\/2025\\\/04\\\/hotel-augusta-logo-g.svg\",\"contentUrl\":\"https:\\\/\\\/hotel-augusta.ms2.decms.eu\\\/wp-content\\\/uploads\\\/sites\\\/245\\\/2025\\\/04\\\/hotel-augusta-logo-g.svg\",\"width\":314,\"height\":125,\"caption\":\"Hotel Augusta\"},\"image\":{\"@id\":\"https:\\\/\\\/www.hotel-augusta.de\\\/es\\\/#\\\/schema\\\/logo\\\/image\\\/\"}}]}<\/script>\n<!-- \/ Yoast SEO plugin. -->","yoast_head_json":{"title":"Elegante alojamiento en Berlin | Hotel Augusta","description":"Hotel Augusta: un alojamiento elegante y tranquilo en Berl\u00edn. Habitaciones con moderno equipamiento, ideales para visitar la ciudad o para escapadas rom\u00e1nticas.","robots":{"index":"index","follow":"follow","max-snippet":"max-snippet:-1","max-image-preview":"max-image-preview:large","max-video-preview":"max-video-preview:-1"},"canonical":"https:\/\/www.hotel-augusta.de\/es\/habitaciones\/","og_locale":"es_ES","og_type":"article","og_title":"Elegante alojamiento en Berlin | Hotel Augusta","og_description":"Hotel Augusta: un alojamiento elegante y tranquilo en Berl\u00edn. Habitaciones con moderno equipamiento, ideales para visitar la ciudad o para escapadas rom\u00e1nticas.","og_url":"https:\/\/www.hotel-augusta.de\/es\/habitaciones\/","og_site_name":"Hotel Augusta","article_modified_time":"2025-06-12T14:02:52+00:00","twitter_card":"summary_large_image","twitter_misc":{"Tiempo de lectura":"1 minuto"},"schema":{"@context":"https:\/\/schema.org","@graph":[{"@type":"WebPage","@id":"https:\/\/www.hotel-augusta.de\/es\/habitaciones\/","url":"https:\/\/www.hotel-augusta.de\/es\/habitaciones\/","name":"Elegante alojamiento en Berlin | Hotel Augusta","isPartOf":{"@id":"https:\/\/www.hotel-augusta.de\/es\/#website"},"datePublished":"2025-04-28T08:36:08+00:00","dateModified":"2025-06-12T14:02:52+00:00","description":"Hotel Augusta: un alojamiento elegante y tranquilo en Berl\u00edn. Habitaciones con moderno equipamiento, ideales para visitar la ciudad o para escapadas rom\u00e1nticas.","breadcrumb":{"@id":"https:\/\/www.hotel-augusta.de\/es\/habitaciones\/#breadcrumb"},"inLanguage":"es","potentialAction":[{"@type":"ReadAction","target":["https:\/\/www.hotel-augusta.de\/es\/habitaciones\/"]}]},{"@type":"BreadcrumbList","@id":"https:\/\/www.hotel-augusta.de\/es\/habitaciones\/#breadcrumb","itemListElement":[{"@type":"ListItem","position":1,"name":"Home","item":"https:\/\/www.hotel-augusta.de\/es\/"},{"@type":"ListItem","position":2,"name":"Habitaciones"}]},{"@type":"WebSite","@id":"https:\/\/www.hotel-augusta.de\/es\/#website","url":"https:\/\/www.hotel-augusta.de\/es\/","name":"Hotel Augusta","description":"","publisher":{"@id":"https:\/\/www.hotel-augusta.de\/es\/#organization"},"potentialAction":[{"@type":"SearchAction","target":{"@type":"EntryPoint","urlTemplate":"https:\/\/www.hotel-augusta.de\/es\/?s={search_term_string}"},"query-input":{"@type":"PropertyValueSpecification","valueRequired":true,"valueName":"search_term_string"}}],"inLanguage":"es"},{"@type":"Organization","@id":"https:\/\/www.hotel-augusta.de\/es\/#organization","name":"Hotel Augusta","url":"https:\/\/www.hotel-augusta.de\/es\/","logo":{"@type":"ImageObject","inLanguage":"es","@id":"https:\/\/www.hotel-augusta.de\/es\/#\/schema\/logo\/image\/","url":"https:\/\/hotel-augusta.ms2.decms.eu\/wp-content\/uploads\/sites\/245\/2025\/04\/hotel-augusta-logo-g.svg","contentUrl":"https:\/\/hotel-augusta.ms2.decms.eu\/wp-content\/uploads\/sites\/245\/2025\/04\/hotel-augusta-logo-g.svg","width":314,"height":125,"caption":"Hotel Augusta"},"image":{"@id":"https:\/\/www.hotel-augusta.de\/es\/#\/schema\/logo\/image\/"}}]}},"acf":[],"_links":{"self":[{"href":"https:\/\/www.hotel-augusta.de\/es\/wp-json\/wp\/v2\/pages\/122","targetHints":{"allow":["GET"]}}],"collection":[{"href":"https:\/\/www.hotel-augusta.de\/es\/wp-json\/wp\/v2\/pages"}],"about":[{"href":"https:\/\/www.hotel-augusta.de\/es\/wp-json\/wp\/v2\/types\/page"}],"author":[{"embeddable":true,"href":"https:\/\/www.hotel-augusta.de\/es\/wp-json\/wp\/v2\/users\/26"}],"replies":[{"embeddable":true,"href":"https:\/\/www.hotel-augusta.de\/es\/wp-json\/wp\/v2\/comments?post=122"}],"version-history":[{"count":0,"href":"https:\/\/www.hotel-augusta.de\/es\/wp-json\/wp\/v2\/pages\/122\/revisions"}],"wp:attachment":[{"href":"https:\/\/www.hotel-augusta.de\/es\/wp-json\/wp\/v2\/media?parent=122"}],"curies":[{"name":"wp","href":"https:\/\/api.w.org\/{rel}","templated":true}]}}